{"id":486,"date":"2018-05-28T09:45:31","date_gmt":"2018-05-28T07:45:31","guid":{"rendered":"https:\/\/klimabolaget.se\/?page_id=486"},"modified":"2020-12-09T17:16:10","modified_gmt":"2020-12-09T16:16:10","slug":"about-us","status":"publish","type":"page","link":"https:\/\/klimabolaget.se\/en\/about-us\/","title":{"rendered":"About us"},"content":{"rendered":"\n\n<div class=\"intro-text p-4 pb-4\" id=\"acf-block-intro-text-id-block_5fd0f82e8005d\">\n\n  <div class=\"container\">\n    <div class=\"row\">\n      <div class=\"col-lg-8 col-md-10 col-12 mx-auto text-center\">\n\n        <div class=\"row\">\n\n          <div class=\"col-12\">\n                          <h1>An experienced partner<\/h1>\n            \n            \n                          <p>Here at Klimabolaget, we have always had one foot firmly in Nordic homes. This gives us the driving force for everything we do, and our understanding of the needs of the market also enables us to offer better products.<\/p>\n                      <\/div>\n\n          \n          <div class=\"col-12\">\n            \n                          <a href=\"mailto:info@klimabolaget.se\" class=\"btn btn-carousel\">Contact us<\/a>\n            \n          <\/div>\n\n        <\/div>\n\n\n\n      <\/div>\n    <\/div>\n  <\/div>\n\n<\/div>\n\n<hr>\n\n\n\n<div id=\"our-business\" class=\"container content-padding\">\n<div class=\"row\">\n<div class=\"col-lg-12 text-center about-intro\">\n<p><span class=\"small-title-center\">Our business<\/span><\/p>\n<h1>From production to sales<\/h1>\n<\/div>\n<div class=\"col-lg-6\">\n<p>We have extensive experience of providing and developing functional cleaning products for the home and our extensive contact network of manufacturers covers 15 countries. This allows us to be flexible in relation to our own product development or that of our customers. <\/p>\n<p>We carry thousands of products in stock and many delivery vehicles leave our warehouse in Staffanstorp every day.<\/p>\n<\/div>\n<div class=\"col-lg-6\">\n<p>However, we are also a knowledge company and on many occasions it has specifically been our knowledge that has been of greatest value to our customers. Our excellent understanding of production and logistics expertise is often the key to profitable business. Having an awareness of our surroundings also means that our knowledge bank is constantly being topped up and is something that we would be more than happy to share.<\/p>\n<\/div>\n<\/div>\n<\/div>\n<div id=\"retailers\" class=\"bg-1\">\n<div class=\"container content-padding\">\n<div class=\"row\">\n<div class=\"col-lg-12 text-center about-intro\">\n<p><span class=\"small-title-center\">Retailers<\/span><\/p>\n<h1>Our current locations<\/h1>\n<\/div>\n<div class=\"col-lg-8 offset-lg-2 text-center\">\n<p>Amongst other places, our functional cleaning products and other products are sold at: Ica, Clas Ohlson, Coop, Jula, Willys, Hemk\u00f6p, Rusta, Dollarstore, BYGGmax, Netto, Gek\u00e5s, \u00d6oB, Jem &amp; Fix, Bo Ohlsson, Bauhaus, Eko, H\u00f6\u00f6ks, Netonnet, Karlsson Varuhusen, B\u00f6rjes and Citygross.<\/p>\n<\/div>\n<\/div>\n<\/div>\n<\/div>\n<div class=\"text-center\"><img decoding=\"async\" id=\"enviroment-and-responsibility\" class=\"alignnone lazyload\" data-src=\"https:\/\/klimabolaget.se\/wp-content\/uploads\/2018\/06\/miljo.jpg\" alt=\"Funktionella st\u00e4dprodukter f\u00f6r det nordiska hemmet | Klimabolaget\" width=\"2500\" height=\"865\" src=\"data:image\/svg+xml;base64,PHN2ZyB3aWR0aD0iMSIgaGVpZ2h0PSIxIiB4bWxucz0iaHR0cDovL3d3dy53My5vcmcvMjAwMC9zdmciPjwvc3ZnPg==\" style=\"--smush-placeholder-width: 2500px; --smush-placeholder-aspect-ratio: 2500\/865;\"><\/div>\n<div class=\"container content-padding\">\n<div class=\"row\">\n<div class=\"col-lg-12 text-center about-intro\">\n<p><span class=\"small-title-center\">Enviroment and responsibility<\/span><\/p>\n<h1>A wholehearted commitment<\/h1>\n<\/div>\n<div class=\"col-lg-6\">\n<p>All our activities are characterised by a rigorous philosophy when it comes to the environment and quality. This means that, wherever possible, we try to limit our environmental impact in all areas and that we always strive to maintain high quality. We keep up-to-date in relation to the latest legislation and all our partners comply with the same strict guidelines.<\/p>\n<p>We always recycle cardboard, wood and plastic, and, naturally, we have environmental and quality certification in accordance with ISO 14001 and ISO 9001. We were also one of the first companies in Sweden to comply with the new and considerably more stringent requirements for the Swan marking of microfibre products.<\/p>\n<\/div>\n<div class=\"col-lg-6\">\n<p>The Swan mark is one of the world\u2019s leading environmental marks and requires extensive environmental and climate commitments. When transporting goods, we primarily use rail transport and we continuously monitor our long-haul transport arrangements. Every year, we donate considerable sums of money to SOS Children\u2019s Villages and we like to get involved in things that make a difference. Both to the environment and to people.<\/p>\n<p>For consumers, we are always clear in our recycling descriptions and we always try to promote green consumption.<\/p>\n<\/div>\n<div class=\"col-lg-12\"><img decoding=\"async\" class=\"alignnone size-full wp-image-314 lazyload\" data-src=\"https:\/\/klimabolaget.se\/wp-content\/uploads\/2018\/06\/milologga.jpg\" alt=\"Svanen-m\u00e4rkning av mikrofiberprodukter, milj\u00f6- och kvalitetscertifierade ISO 14001 och ISO 9001\" width=\"1073\" height=\"438\" data-srcset=\"https:\/\/klimabolaget.se\/wp-content\/uploads\/2018\/06\/milologga.jpg 1073w, https:\/\/klimabolaget.se\/wp-content\/uploads\/2018\/06\/milologga-300x122.jpg 300w, https:\/\/klimabolaget.se\/wp-content\/uploads\/2018\/06\/milologga-768x313.jpg 768w, https:\/\/klimabolaget.se\/wp-content\/uploads\/2018\/06\/milologga-1024x418.jpg 1024w\" data-sizes=\"(max-width: 1073px) 100vw, 1073px\" src=\"data:image\/svg+xml;base64,PHN2ZyB3aWR0aD0iMSIgaGVpZ2h0PSIxIiB4bWxucz0iaHR0cDovL3d3dy53My5vcmcvMjAwMC9zdmciPjwvc3ZnPg==\" style=\"--smush-placeholder-width: 1073px; --smush-placeholder-aspect-ratio: 1073\/438;\" \/><\/div>\n<\/div>\n<\/div>\n<div class=\"text-center\"><img decoding=\"async\" id=\"our-history\" class=\"alignnone wp-image-284 size-full lazyload\" data-src=\"https:\/\/klimabolaget.se\/wp-content\/uploads\/2018\/06\/om-klimabolaget.jpg\" alt=\"Klimabolaget - Funktionella st\u00e4dprodukter f\u00f6r det nordiska hemmet sedan 1940-talet.\" width=\"2500\" height=\"1417\" data-srcset=\"https:\/\/klimabolaget.se\/wp-content\/uploads\/2018\/06\/om-klimabolaget.jpg 2500w, https:\/\/klimabolaget.se\/wp-content\/uploads\/2018\/06\/om-klimabolaget-300x170.jpg 300w, https:\/\/klimabolaget.se\/wp-content\/uploads\/2018\/06\/om-klimabolaget-768x435.jpg 768w, https:\/\/klimabolaget.se\/wp-content\/uploads\/2018\/06\/om-klimabolaget-1024x580.jpg 1024w\" data-sizes=\"(max-width: 2500px) 100vw, 2500px\" src=\"data:image\/svg+xml;base64,PHN2ZyB3aWR0aD0iMSIgaGVpZ2h0PSIxIiB4bWxucz0iaHR0cDovL3d3dy53My5vcmcvMjAwMC9zdmciPjwvc3ZnPg==\" style=\"--smush-placeholder-width: 2500px; --smush-placeholder-aspect-ratio: 2500\/1417;\" \/><\/div>\n<div class=\"container content-padding\">\n<div class=\"row\">\n<div class=\"col-lg-12 text-center about-intro\">\n<p><span class=\"small-title-center\">Our history<\/span><\/p>\n<h1>An innovative family company<\/h1>\n<\/div>\n<div class=\"col-lg-6\">\n<p>Rudi Kemfors arrived in the small community of Tomelilla in Southern Sweden in the 1930s. Here, he got a job working in a local factory making brushes and soon went on to become a very successful salesman. This provided him with a unique insight into the Swedish cleaning industry and in 1947 he decided to start his own company by the name of Klimabolaget.<\/p>\n<p>The first big seller came in 1950 in the form of a wooden washing-up brush. Other early successes were achieved with products such as brooms, buckets and bath brushes. Klimabolaget quickly established itself as an innovative force and many of these early products are still being sold today.<\/p>\n<\/div>\n<div class=\"col-lg-6\">\n<p>Rudi Kemfors departed in 1964 and the management of the company was handed over to his son Gunnar. Gunnar led the company for over 40 years and continued to develop both products and networks. A plastic washing-up brush was the first environmentally friendly product and has since been followed up with numerous other successful products.<\/p>\n<p>The company was expanded at the end of the 1980s and the business is now owned and led by the third generation. The product range has been expanded, the market has grown and the innovative ethos has continued to give results. Consequently, the story of one man\u2019s life\u2019s work lives on.<\/p>\n<\/div>\n<\/div>\n<\/div>\n","protected":false},"excerpt":{"rendered":"<p>Our business From production to sales We have extensive experience of providing and developing functional cleaning products for the home and our extensive contact network of manufacturers covers 15 countries. This allows us to be flexible in relation to our own product development or that of our customers. We carry thousands of products in stock [&#8230;]<\/p>\n<p><a class=\"btn btn-secondary understrap-read-more-link\" href=\"https:\/\/klimabolaget.se\/en\/about-us\/\">Read More&#8230;<span class=\"screen-reader-text\"> from About us<\/span><\/a><\/p>\n","protected":false},"author":1,"featured_media":1310,"parent":0,"menu_order":0,"comment_status":"closed","ping_status":"closed","template":"","meta":{"_acf_changed":false,"_exactmetrics_skip_tracking":false,"_exactmetrics_sitenote_active":false,"_exactmetrics_sitenote_note":"","_exactmetrics_sitenote_category":0,"footnotes":""},"class_list":["post-486","page","type-page","status-publish","has-post-thumbnail","hentry"],"acf":[],"yoast_head":"<!-- This site is optimized with the Yoast SEO plugin v27.0 - https:\/\/yoast.com\/product\/yoast-seo-wordpress\/ -->\n<title>About us - Klimabolaget<\/title>\n<meta name=\"description\" content=\"Here at Klimabolaget, we have always had one foot firmly in Nordic homes. This gives us the driving force for everything we do, and our understanding of the needs of the market also enables us to offer better products.\" \/>\n<meta name=\"robots\" content=\"index, follow, max-snippet:-1, max-image-preview:large, max-video-preview:-1\" \/>\n<link rel=\"canonical\" href=\"https:\/\/klimabolaget.se\/en\/about-us\/\" \/>\n<meta property=\"og:locale\" content=\"en_US\" \/>\n<meta property=\"og:type\" content=\"article\" \/>\n<meta property=\"og:title\" content=\"About us - Klimabolaget\" \/>\n<meta property=\"og:description\" content=\"Here at Klimabolaget, we have always had one foot firmly in Nordic homes. This gives us the driving force for everything we do, and our understanding of the needs of the market also enables us to offer better products.\" \/>\n<meta property=\"og:url\" content=\"https:\/\/klimabolaget.se\/en\/about-us\/\" \/>\n<meta property=\"og:site_name\" content=\"Klimabolaget\" \/>\n<meta property=\"article:modified_time\" content=\"2020-12-09T16:16:10+00:00\" \/>\n<meta property=\"og:image\" content=\"https:\/\/klimabolaget.se\/wp-content\/uploads\/2018\/06\/654654654.jpg\" \/>\n\t<meta property=\"og:image:width\" content=\"2500\" \/>\n\t<meta property=\"og:image:height\" content=\"1431\" \/>\n\t<meta property=\"og:image:type\" content=\"image\/jpeg\" \/>\n<meta name=\"twitter:card\" content=\"summary_large_image\" \/>\n<meta name=\"twitter:label1\" content=\"Est. reading time\" \/>\n\t<meta name=\"twitter:data1\" content=\"3 minutes\" \/>\n<script type=\"application\/ld+json\" class=\"yoast-schema-graph\">{\"@context\":\"https:\/\/schema.org\",\"@graph\":[{\"@type\":\"WebPage\",\"@id\":\"https:\/\/klimabolaget.se\/en\/about-us\/\",\"url\":\"https:\/\/klimabolaget.se\/en\/about-us\/\",\"name\":\"About us - Klimabolaget\",\"isPartOf\":{\"@id\":\"https:\/\/klimabolaget.se\/en\/#website\"},\"primaryImageOfPage\":{\"@id\":\"https:\/\/klimabolaget.se\/en\/about-us\/#primaryimage\"},\"image\":{\"@id\":\"https:\/\/klimabolaget.se\/en\/about-us\/#primaryimage\"},\"thumbnailUrl\":\"https:\/\/klimabolaget.se\/wp-content\/uploads\/2021\/07\/klimabolaget.jpg\",\"datePublished\":\"2018-05-28T07:45:31+00:00\",\"dateModified\":\"2020-12-09T16:16:10+00:00\",\"description\":\"Here at Klimabolaget, we have always had one foot firmly in Nordic homes. This gives us the driving force for everything we do, and our understanding of the needs of the market also enables us to offer better products.\",\"breadcrumb\":{\"@id\":\"https:\/\/klimabolaget.se\/en\/about-us\/#breadcrumb\"},\"inLanguage\":\"en-US\",\"potentialAction\":[{\"@type\":\"ReadAction\",\"target\":[\"https:\/\/klimabolaget.se\/en\/about-us\/\"]}]},{\"@type\":\"ImageObject\",\"inLanguage\":\"en-US\",\"@id\":\"https:\/\/klimabolaget.se\/en\/about-us\/#primaryimage\",\"url\":\"https:\/\/klimabolaget.se\/wp-content\/uploads\/2021\/07\/klimabolaget.jpg\",\"contentUrl\":\"https:\/\/klimabolaget.se\/wp-content\/uploads\/2021\/07\/klimabolaget.jpg\",\"width\":2500,\"height\":1431},{\"@type\":\"BreadcrumbList\",\"@id\":\"https:\/\/klimabolaget.se\/en\/about-us\/#breadcrumb\",\"itemListElement\":[{\"@type\":\"ListItem\",\"position\":1,\"name\":\"Hem\",\"item\":\"https:\/\/klimabolaget.se\/en\/\"},{\"@type\":\"ListItem\",\"position\":2,\"name\":\"About us\"}]},{\"@type\":\"WebSite\",\"@id\":\"https:\/\/klimabolaget.se\/en\/#website\",\"url\":\"https:\/\/klimabolaget.se\/en\/\",\"name\":\"Klimabolaget\",\"description\":\"H\u00e5llbar st\u00e4dning sedan 1947\",\"potentialAction\":[{\"@type\":\"SearchAction\",\"target\":{\"@type\":\"EntryPoint\",\"urlTemplate\":\"https:\/\/klimabolaget.se\/en\/?s={search_term_string}\"},\"query-input\":{\"@type\":\"PropertyValueSpecification\",\"valueRequired\":true,\"valueName\":\"search_term_string\"}}],\"inLanguage\":\"en-US\"}]}<\/script>\n<!-- \/ Yoast SEO plugin. -->","yoast_head_json":{"title":"About us - Klimabolaget","description":"Here at Klimabolaget, we have always had one foot firmly in Nordic homes. This gives us the driving force for everything we do, and our understanding of the needs of the market also enables us to offer better products.","robots":{"index":"index","follow":"follow","max-snippet":"max-snippet:-1","max-image-preview":"max-image-preview:large","max-video-preview":"max-video-preview:-1"},"canonical":"https:\/\/klimabolaget.se\/en\/about-us\/","og_locale":"en_US","og_type":"article","og_title":"About us - Klimabolaget","og_description":"Here at Klimabolaget, we have always had one foot firmly in Nordic homes. This gives us the driving force for everything we do, and our understanding of the needs of the market also enables us to offer better products.","og_url":"https:\/\/klimabolaget.se\/en\/about-us\/","og_site_name":"Klimabolaget","article_modified_time":"2020-12-09T16:16:10+00:00","og_image":[{"width":2500,"height":1431,"url":"https:\/\/klimabolaget.se\/wp-content\/uploads\/2018\/06\/654654654.jpg","type":"image\/jpeg"}],"twitter_card":"summary_large_image","twitter_misc":{"Est. reading time":"3 minutes"},"schema":{"@context":"https:\/\/schema.org","@graph":[{"@type":"WebPage","@id":"https:\/\/klimabolaget.se\/en\/about-us\/","url":"https:\/\/klimabolaget.se\/en\/about-us\/","name":"About us - Klimabolaget","isPartOf":{"@id":"https:\/\/klimabolaget.se\/en\/#website"},"primaryImageOfPage":{"@id":"https:\/\/klimabolaget.se\/en\/about-us\/#primaryimage"},"image":{"@id":"https:\/\/klimabolaget.se\/en\/about-us\/#primaryimage"},"thumbnailUrl":"https:\/\/klimabolaget.se\/wp-content\/uploads\/2021\/07\/klimabolaget.jpg","datePublished":"2018-05-28T07:45:31+00:00","dateModified":"2020-12-09T16:16:10+00:00","description":"Here at Klimabolaget, we have always had one foot firmly in Nordic homes. This gives us the driving force for everything we do, and our understanding of the needs of the market also enables us to offer better products.","breadcrumb":{"@id":"https:\/\/klimabolaget.se\/en\/about-us\/#breadcrumb"},"inLanguage":"en-US","potentialAction":[{"@type":"ReadAction","target":["https:\/\/klimabolaget.se\/en\/about-us\/"]}]},{"@type":"ImageObject","inLanguage":"en-US","@id":"https:\/\/klimabolaget.se\/en\/about-us\/#primaryimage","url":"https:\/\/klimabolaget.se\/wp-content\/uploads\/2021\/07\/klimabolaget.jpg","contentUrl":"https:\/\/klimabolaget.se\/wp-content\/uploads\/2021\/07\/klimabolaget.jpg","width":2500,"height":1431},{"@type":"BreadcrumbList","@id":"https:\/\/klimabolaget.se\/en\/about-us\/#breadcrumb","itemListElement":[{"@type":"ListItem","position":1,"name":"Hem","item":"https:\/\/klimabolaget.se\/en\/"},{"@type":"ListItem","position":2,"name":"About us"}]},{"@type":"WebSite","@id":"https:\/\/klimabolaget.se\/en\/#website","url":"https:\/\/klimabolaget.se\/en\/","name":"Klimabolaget","description":"H\u00e5llbar st\u00e4dning sedan 1947","potentialAction":[{"@type":"SearchAction","target":{"@type":"EntryPoint","urlTemplate":"https:\/\/klimabolaget.se\/en\/?s={search_term_string}"},"query-input":{"@type":"PropertyValueSpecification","valueRequired":true,"valueName":"search_term_string"}}],"inLanguage":"en-US"}]}},"_links":{"self":[{"href":"https:\/\/klimabolaget.se\/en\/wp-json\/wp\/v2\/pages\/486","targetHints":{"allow":["GET"]}}],"collection":[{"href":"https:\/\/klimabolaget.se\/en\/wp-json\/wp\/v2\/pages"}],"about":[{"href":"https:\/\/klimabolaget.se\/en\/wp-json\/wp\/v2\/types\/page"}],"author":[{"embeddable":true,"href":"https:\/\/klimabolaget.se\/en\/wp-json\/wp\/v2\/users\/1"}],"replies":[{"embeddable":true,"href":"https:\/\/klimabolaget.se\/en\/wp-json\/wp\/v2\/comments?post=486"}],"version-history":[{"count":13,"href":"https:\/\/klimabolaget.se\/en\/wp-json\/wp\/v2\/pages\/486\/revisions"}],"predecessor-version":[{"id":1239,"href":"https:\/\/klimabolaget.se\/en\/wp-json\/wp\/v2\/pages\/486\/revisions\/1239"}],"wp:featuredmedia":[{"embeddable":true,"href":"https:\/\/klimabolaget.se\/en\/wp-json\/wp\/v2\/media\/1310"}],"wp:attachment":[{"href":"https:\/\/klimabolaget.se\/en\/wp-json\/wp\/v2\/media?parent=486"}],"curies":[{"name":"wp","href":"https:\/\/api.w.org\/{rel}","templated":true}]}}