{"id":524,"date":"2018-05-28T09:55:57","date_gmt":"2018-05-28T07:55:57","guid":{"rendered":"https:\/\/klimabolaget.se\/?page_id=524"},"modified":"2021-06-04T13:29:50","modified_gmt":"2021-06-04T11:29:50","slug":"contact-us","status":"publish","type":"page","link":"https:\/\/klimabolaget.se\/en\/contact-us\/","title":{"rendered":"Contact us"},"content":{"rendered":"\n\n<div class=\"intro-text p-4 pb-4\" id=\"acf-block-intro-text-id-block_5fd0f8fe4ccbf\">\n\n  <div class=\"container\">\n    <div class=\"row\">\n      <div class=\"col-lg-8 col-md-10 col-12 mx-auto text-center\">\n\n        <div class=\"row\">\n\n          <div class=\"col-12\">\n                          <h1>Do you have questions?<\/h1>\n            \n            \n                          <p>If you would like to get in touch with us at Klimabolaget, you are welcome to visit our office in Staffanstorp in Sk\u00e5ne. You can also call or email us. Perhaps you have a question relating to some form of partnership? Or perhaps you would like to suggest ways in which we can be even better? Whatever it is, you are welcome to contact us. We look forward to hearing from you!<\/p>\n                      <\/div>\n\n          \n          <div class=\"col-12\">\n            \n                          <a href=\"mailto:info@klimabolaget.se\" class=\"btn btn-carousel\">Contact us<\/a>\n            \n          <\/div>\n\n        <\/div>\n\n\n\n      <\/div>\n    <\/div>\n  <\/div>\n\n<\/div>\n\n<hr>\n\n\n\n<ul class=\"list-unstyled text-center pt-4 pb-4 wp-block-list\"><li><strong>Klimabolaget AB<\/strong><\/li><li>V\u00e4stanv\u00e4gen<\/li><li>Kronosl\u00e4tts F\u00f6retagspark<\/li><li>245 42 STAFFANSTORP<\/li><li>SWEDEN<\/li><li>Tel: +46(0)46-25 98 60<\/li><li>Email: <a href=\"mailto:info@klimabolaget.se\">info@klimabolaget.se<\/a><\/li><\/ul>\n\n\n\n<div class=\"block-find-products\" id=\"acf-block-block-find-products-id-block_60ba0d7df605a\">\n\n  <div class=\"bg-1\">\n\n    <div class=\"container pt-5 pb-5\">\n      <div class=\"row\">\n        <div class=\"col-lg-8 mx-auto text-center\">\n\n          <h1 class=\"mb-4\">\n            \n                          Where can you find our products?\n            \n          <\/h1>\n\n          <p>\n                                      Our products are sold in department stores around Sweden. We help you find what is closest.\n                      <\/p>\n\n          \n                      <button type=\"button\" class=\"btn btn-carousel mt-4\" data-toggle=\"modal\" data-target=\"#kontakt-produkt\">Here you find our products<\/a>\n          \n\n        <\/div>\n      <\/div>\n    <\/div>\n\n\n  <\/div>\n\n<\/div>\n\n\n\n<div style=\"height:50px\" aria-hidden=\"true\" class=\"wp-block-spacer\"><\/div>\n\n\n\n<h1 class=\"has-text-align-center wp-block-heading\" id=\"har-finns-vi\">Here you will find us<\/h1>\n\n\n<div id=\"wpgmza_map\" class=\"wpgmza_map\" data-settings='{\"id\":\"1\",\"map_title\":\"My first map\",\"map_width\":\"100\",\"map_height\":\"400\",\"map_start_lat\":\"55.633556\",\"map_start_lng\":\"13.183175\",\"map_start_location\":\"55.63355600000001,13.183175300000016\",\"map_start_zoom\":\"14\",\"default_marker\":\"0\",\"type\":\"1\",\"alignment\":\"1\",\"directions_enabled\":\"1\",\"styling_enabled\":\"0\",\"styling_json\":\"\",\"active\":\"0\",\"kml\":\"\",\"bicycle\":\"0\",\"traffic\":\"0\",\"dbox\":\"1\",\"dbox_width\":\"100\",\"listmarkers\":\"0\",\"listmarkers_advanced\":\"0\",\"filterbycat\":\"0\",\"ugm_enabled\":\"0\",\"ugm_category_enabled\":\"0\",\"fusion\":\"\",\"map_width_type\":\"\\\\%\",\"map_height_type\":\"px\",\"mass_marker_support\":\"1\",\"ugm_access\":\"0\",\"order_markers_by\":\"1\",\"order_markers_choice\":\"2\",\"show_user_location\":\"0\",\"default_to\":\"\",\"other_settings\":{\"store_locator_enabled\":2,\"store_locator_distance\":2,\"store_locator_default_radius\":\"10\",\"store_locator_not_found_message\":\"No results found in this location. Please try again.\",\"store_locator_bounce\":1,\"store_locator_query_string\":\"Postnummer \\\/ Adress:\",\"store_locator_default_address\":\"\",\"wpgmza_store_locator_restrict\":\"\",\"wpgmza_store_locator_radius_style\":\"modern\",\"map_max_zoom\":\"1\",\"transport_layer\":0,\"wpgmza_theme_data\":\"[ \\\\\\\"visibility\\\\\\\", \\\\\\\"invert_lightness\\\\\\\", \\\\\\\"color\\\\\\\", \\\\\\\"weight\\\\\\\", \\\\\\\"hue\\\\\\\", \\\\\\\"saturation\\\\\\\", \\\\\\\"lightness\\\\\\\", \\\\\\\"gamma\\\\\\\"]\",\"wpgmza_theme_selection\":0,\"wpgmza_show_points_of_interest\":1}}' data-map-id='1' Data-maps-engine='google-maps' data-shortcode-attributes='{\"id\":\"1\"}' style=\"display:block; overflow:auto; width:100%; height:400px; float:left;\"><\/div>\n","protected":false},"excerpt":{"rendered":"<p>Klimabolaget AB V\u00e4stanv\u00e4gen Kronosl\u00e4tts F\u00f6retagspark 245 42 STAFFANSTORP SWEDEN Tel: +46(0)46-25 98 60 Email: info@klimabolaget.se Here you will find us [&#8230;]<\/p>\n<p><a class=\"btn btn-secondary understrap-read-more-link\" href=\"https:\/\/klimabolaget.se\/en\/contact-us\/\">Read More&#8230;<span class=\"screen-reader-text\"> from Contact us<\/span><\/a><\/p>\n","protected":false},"author":1,"featured_media":443,"parent":0,"menu_order":0,"comment_status":"closed","ping_status":"closed","template":"","meta":{"_acf_changed":false,"_exactmetrics_skip_tracking":false,"_exactmetrics_sitenote_active":false,"_exactmetrics_sitenote_note":"","_exactmetrics_sitenote_category":0,"footnotes":""},"class_list":["post-524","page","type-page","status-publish","has-post-thumbnail","hentry"],"acf":[],"yoast_head":"<!-- This site is optimized with the Yoast SEO plugin v27.0 - https:\/\/yoast.com\/product\/yoast-seo-wordpress\/ -->\n<title>Contact us - Klimabolaget<\/title>\n<meta name=\"description\" content=\"If you would like to get in touch with us at Klimabolaget, you are welcome to visit our office in Staffanstorp in Sk\u00e5ne. You can also call or email us. Perhaps you have a question relating to some form of partnership? Or perhaps you would like to suggest ways in which we can be even better? Whatever it is, you are welcome to contact us.\" \/>\n<meta name=\"robots\" content=\"index, follow, max-snippet:-1, max-image-preview:large, max-video-preview:-1\" \/>\n<link rel=\"canonical\" href=\"https:\/\/klimabolaget.se\/en\/contact-us\/\" \/>\n<meta property=\"og:locale\" content=\"en_US\" \/>\n<meta property=\"og:type\" content=\"article\" \/>\n<meta property=\"og:title\" content=\"Contact us - Klimabolaget\" \/>\n<meta property=\"og:description\" content=\"If you would like to get in touch with us at Klimabolaget, you are welcome to visit our office in Staffanstorp in Sk\u00e5ne. You can also call or email us. Perhaps you have a question relating to some form of partnership? Or perhaps you would like to suggest ways in which we can be even better? Whatever it is, you are welcome to contact us.\" \/>\n<meta property=\"og:url\" content=\"https:\/\/klimabolaget.se\/en\/contact-us\/\" \/>\n<meta property=\"og:site_name\" content=\"Klimabolaget\" \/>\n<meta property=\"article:modified_time\" content=\"2021-06-04T11:29:50+00:00\" \/>\n<meta property=\"og:image\" content=\"https:\/\/klimabolaget.se\/wp-content\/uploads\/2018\/06\/543543435.jpg\" \/>\n\t<meta property=\"og:image:width\" content=\"2500\" \/>\n\t<meta property=\"og:image:height\" content=\"1431\" \/>\n\t<meta property=\"og:image:type\" content=\"image\/jpeg\" \/>\n<meta name=\"twitter:card\" content=\"summary_large_image\" \/>\n<meta name=\"twitter:label1\" content=\"Est. reading time\" \/>\n\t<meta name=\"twitter:data1\" content=\"1 minute\" \/>\n<script type=\"application\/ld+json\" class=\"yoast-schema-graph\">{\"@context\":\"https:\/\/schema.org\",\"@graph\":[{\"@type\":\"WebPage\",\"@id\":\"https:\/\/klimabolaget.se\/en\/contact-us\/\",\"url\":\"https:\/\/klimabolaget.se\/en\/contact-us\/\",\"name\":\"Contact us - Klimabolaget\",\"isPartOf\":{\"@id\":\"https:\/\/klimabolaget.se\/en\/#website\"},\"primaryImageOfPage\":{\"@id\":\"https:\/\/klimabolaget.se\/en\/contact-us\/#primaryimage\"},\"image\":{\"@id\":\"https:\/\/klimabolaget.se\/en\/contact-us\/#primaryimage\"},\"thumbnailUrl\":\"https:\/\/klimabolaget.se\/wp-content\/uploads\/2018\/06\/543543435.jpg\",\"datePublished\":\"2018-05-28T07:55:57+00:00\",\"dateModified\":\"2021-06-04T11:29:50+00:00\",\"description\":\"If you would like to get in touch with us at Klimabolaget, you are welcome to visit our office in Staffanstorp in Sk\u00e5ne. You can also call or email us. Perhaps you have a question relating to some form of partnership? Or perhaps you would like to suggest ways in which we can be even better? Whatever it is, you are welcome to contact us.\",\"breadcrumb\":{\"@id\":\"https:\/\/klimabolaget.se\/en\/contact-us\/#breadcrumb\"},\"inLanguage\":\"en-US\",\"potentialAction\":[{\"@type\":\"ReadAction\",\"target\":[\"https:\/\/klimabolaget.se\/en\/contact-us\/\"]}]},{\"@type\":\"ImageObject\",\"inLanguage\":\"en-US\",\"@id\":\"https:\/\/klimabolaget.se\/en\/contact-us\/#primaryimage\",\"url\":\"https:\/\/klimabolaget.se\/wp-content\/uploads\/2018\/06\/543543435.jpg\",\"contentUrl\":\"https:\/\/klimabolaget.se\/wp-content\/uploads\/2018\/06\/543543435.jpg\",\"width\":2500,\"height\":1431},{\"@type\":\"BreadcrumbList\",\"@id\":\"https:\/\/klimabolaget.se\/en\/contact-us\/#breadcrumb\",\"itemListElement\":[{\"@type\":\"ListItem\",\"position\":1,\"name\":\"Hem\",\"item\":\"https:\/\/klimabolaget.se\/en\/\"},{\"@type\":\"ListItem\",\"position\":2,\"name\":\"Contact us\"}]},{\"@type\":\"WebSite\",\"@id\":\"https:\/\/klimabolaget.se\/en\/#website\",\"url\":\"https:\/\/klimabolaget.se\/en\/\",\"name\":\"Klimabolaget\",\"description\":\"H\u00e5llbar st\u00e4dning sedan 1947\",\"potentialAction\":[{\"@type\":\"SearchAction\",\"target\":{\"@type\":\"EntryPoint\",\"urlTemplate\":\"https:\/\/klimabolaget.se\/en\/?s={search_term_string}\"},\"query-input\":{\"@type\":\"PropertyValueSpecification\",\"valueRequired\":true,\"valueName\":\"search_term_string\"}}],\"inLanguage\":\"en-US\"}]}<\/script>\n<!-- \/ Yoast SEO plugin. -->","yoast_head_json":{"title":"Contact us - Klimabolaget","description":"If you would like to get in touch with us at Klimabolaget, you are welcome to visit our office in Staffanstorp in Sk\u00e5ne. You can also call or email us. Perhaps you have a question relating to some form of partnership? Or perhaps you would like to suggest ways in which we can be even better? Whatever it is, you are welcome to contact us.","robots":{"index":"index","follow":"follow","max-snippet":"max-snippet:-1","max-image-preview":"max-image-preview:large","max-video-preview":"max-video-preview:-1"},"canonical":"https:\/\/klimabolaget.se\/en\/contact-us\/","og_locale":"en_US","og_type":"article","og_title":"Contact us - Klimabolaget","og_description":"If you would like to get in touch with us at Klimabolaget, you are welcome to visit our office in Staffanstorp in Sk\u00e5ne. You can also call or email us. Perhaps you have a question relating to some form of partnership? Or perhaps you would like to suggest ways in which we can be even better? Whatever it is, you are welcome to contact us.","og_url":"https:\/\/klimabolaget.se\/en\/contact-us\/","og_site_name":"Klimabolaget","article_modified_time":"2021-06-04T11:29:50+00:00","og_image":[{"width":2500,"height":1431,"url":"https:\/\/klimabolaget.se\/wp-content\/uploads\/2018\/06\/543543435.jpg","type":"image\/jpeg"}],"twitter_card":"summary_large_image","twitter_misc":{"Est. reading time":"1 minute"},"schema":{"@context":"https:\/\/schema.org","@graph":[{"@type":"WebPage","@id":"https:\/\/klimabolaget.se\/en\/contact-us\/","url":"https:\/\/klimabolaget.se\/en\/contact-us\/","name":"Contact us - Klimabolaget","isPartOf":{"@id":"https:\/\/klimabolaget.se\/en\/#website"},"primaryImageOfPage":{"@id":"https:\/\/klimabolaget.se\/en\/contact-us\/#primaryimage"},"image":{"@id":"https:\/\/klimabolaget.se\/en\/contact-us\/#primaryimage"},"thumbnailUrl":"https:\/\/klimabolaget.se\/wp-content\/uploads\/2018\/06\/543543435.jpg","datePublished":"2018-05-28T07:55:57+00:00","dateModified":"2021-06-04T11:29:50+00:00","description":"If you would like to get in touch with us at Klimabolaget, you are welcome to visit our office in Staffanstorp in Sk\u00e5ne. You can also call or email us. Perhaps you have a question relating to some form of partnership? Or perhaps you would like to suggest ways in which we can be even better? Whatever it is, you are welcome to contact us.","breadcrumb":{"@id":"https:\/\/klimabolaget.se\/en\/contact-us\/#breadcrumb"},"inLanguage":"en-US","potentialAction":[{"@type":"ReadAction","target":["https:\/\/klimabolaget.se\/en\/contact-us\/"]}]},{"@type":"ImageObject","inLanguage":"en-US","@id":"https:\/\/klimabolaget.se\/en\/contact-us\/#primaryimage","url":"https:\/\/klimabolaget.se\/wp-content\/uploads\/2018\/06\/543543435.jpg","contentUrl":"https:\/\/klimabolaget.se\/wp-content\/uploads\/2018\/06\/543543435.jpg","width":2500,"height":1431},{"@type":"BreadcrumbList","@id":"https:\/\/klimabolaget.se\/en\/contact-us\/#breadcrumb","itemListElement":[{"@type":"ListItem","position":1,"name":"Hem","item":"https:\/\/klimabolaget.se\/en\/"},{"@type":"ListItem","position":2,"name":"Contact us"}]},{"@type":"WebSite","@id":"https:\/\/klimabolaget.se\/en\/#website","url":"https:\/\/klimabolaget.se\/en\/","name":"Klimabolaget","description":"H\u00e5llbar st\u00e4dning sedan 1947","potentialAction":[{"@type":"SearchAction","target":{"@type":"EntryPoint","urlTemplate":"https:\/\/klimabolaget.se\/en\/?s={search_term_string}"},"query-input":{"@type":"PropertyValueSpecification","valueRequired":true,"valueName":"search_term_string"}}],"inLanguage":"en-US"}]}},"_links":{"self":[{"href":"https:\/\/klimabolaget.se\/en\/wp-json\/wp\/v2\/pages\/524","targetHints":{"allow":["GET"]}}],"collection":[{"href":"https:\/\/klimabolaget.se\/en\/wp-json\/wp\/v2\/pages"}],"about":[{"href":"https:\/\/klimabolaget.se\/en\/wp-json\/wp\/v2\/types\/page"}],"author":[{"embeddable":true,"href":"https:\/\/klimabolaget.se\/en\/wp-json\/wp\/v2\/users\/1"}],"replies":[{"embeddable":true,"href":"https:\/\/klimabolaget.se\/en\/wp-json\/wp\/v2\/comments?post=524"}],"version-history":[{"count":20,"href":"https:\/\/klimabolaget.se\/en\/wp-json\/wp\/v2\/pages\/524\/revisions"}],"predecessor-version":[{"id":1286,"href":"https:\/\/klimabolaget.se\/en\/wp-json\/wp\/v2\/pages\/524\/revisions\/1286"}],"wp:featuredmedia":[{"embeddable":true,"href":"https:\/\/klimabolaget.se\/en\/wp-json\/wp\/v2\/media\/443"}],"wp:attachment":[{"href":"https:\/\/klimabolaget.se\/en\/wp-json\/wp\/v2\/media?parent=524"}],"curies":[{"name":"wp","href":"https:\/\/api.w.org\/{rel}","templated":true}]}}